{"id":2768,"date":"2020-01-21T16:56:52","date_gmt":"2020-01-21T16:56:52","guid":{"rendered":"https:\/\/www.contini1933.it\/product\/riva-insolent-weiser-sus-saurer-essig\/"},"modified":"2025-01-26T17:15:07","modified_gmt":"2025-01-26T17:15:07","slug":"riva-insolent-weiser-sus-saurer-essig","status":"publish","type":"product","link":"https:\/\/www.contini1933.it\/de\/produkt\/riva-insolent-weiser-sus-saurer-essig\/","title":{"rendered":"Riva Diciannove Trentatr\u00e9 Insolent &#8211; Wei\u00dfer s\u00fc\u00df-saurer Essig"},"content":{"rendered":"<div class=\"wpb-content-wrapper\"><p>[vc_row][vc_column css=&#8220;.vc_custom_1484828983369{margin-bottom: 25px !important;}&#8220;]<div class=\"title-wrapper  basel-title-color-default basel-title-style-default basel-title-size-small text-center \"><div class=\"liner-continer\"> <span class=\"left-line\"><\/span> <h4 class=\"title\" ><strong>SCHEDA PRODOTTO<\/strong><span class=\"title-separator\"><span><\/span><\/span><\/h4> <span class=\"right-line\"><\/span> <\/div><\/div>[vc_column_text]<strong>Name<\/strong>: Riva Diciannove Trentatr\u00e9 Insolent &#8211; Wei\u00dfer s\u00fc\u00df-saurer Essig<\/p>\n<p><strong>Gewicht<\/strong>: 250 ml<\/p>\n<p><strong>Zutaten<\/strong>: Konzentrierter Traubenmost, Weinessig. Enth\u00e4lt Sulfite<\/p>\n<p><strong>Produktionsort<\/strong>: Modena (Mo)<\/p>\n<p><strong>Produktionsregion<\/strong>: Emilia Romagna<\/p>\n<p><strong>Paarung<\/strong>: Lachs, Frischk\u00e4se, Sushi und frisches Gem\u00fcse[\/vc_column_text][\/vc_column][\/vc_row]<\/p>\n<\/div>","protected":false},"excerpt":{"rendered":"<p>Riva Diciannove Trentatr\u00e9 Insolent ist ein s\u00fc\u00df-saures wei\u00dfer Essig aus Modena, der aus einer f\u00fcr die Emilia Romagna typischen Auswahl an Traubenmost gewonnen wird. Ausgezeichnetes s\u00fc\u00df-saures Dressing mit klarer Farbe und fruchtigen Aromen. Mit seinem frischen und fruchtigen Geschmack ist es ideal, um Gerichten mit Lachs, Gem\u00fcse und frischem K\u00e4se eine besondere Note zu verleihen. Es ist auch perfekt in Kombination mit Sushi.<\/p>\n","protected":false},"featured_media":2684,"template":"","meta":[],"product_brand":[],"product_cat":[114,54],"product_tag":[],"class_list":{"0":"post-2768","1":"product","2":"type-product","3":"status-publish","4":"has-post-thumbnail","6":"product_cat-essigspezialitaten","7":"product_cat-essig","9":"first","10":"instock","11":"purchasable","12":"product-type-simple"},"jetpack_sharing_enabled":true,"_links":{"self":[{"href":"https:\/\/www.contini1933.it\/de\/wp-json\/wp\/v2\/product\/2768","targetHints":{"allow":["GET"]}}],"collection":[{"href":"https:\/\/www.contini1933.it\/de\/wp-json\/wp\/v2\/product"}],"about":[{"href":"https:\/\/www.contini1933.it\/de\/wp-json\/wp\/v2\/types\/product"}],"wp:featuredmedia":[{"embeddable":true,"href":"https:\/\/www.contini1933.it\/de\/wp-json\/wp\/v2\/media\/2684"}],"wp:attachment":[{"href":"https:\/\/www.contini1933.it\/de\/wp-json\/wp\/v2\/media?parent=2768"}],"wp:term":[{"taxonomy":"product_brand","embeddable":true,"href":"https:\/\/www.contini1933.it\/de\/wp-json\/wp\/v2\/product_brand?post=2768"},{"taxonomy":"product_cat","embeddable":true,"href":"https:\/\/www.contini1933.it\/de\/wp-json\/wp\/v2\/product_cat?post=2768"},{"taxonomy":"product_tag","embeddable":true,"href":"https:\/\/www.contini1933.it\/de\/wp-json\/wp\/v2\/product_tag?post=2768"}],"curies":[{"name":"wp","href":"https:\/\/api.w.org\/{rel}","templated":true}]}}