{"id":2769,"date":"2020-01-21T16:55:41","date_gmt":"2020-01-21T16:55:41","guid":{"rendered":"https:\/\/www.contini1933.it\/product\/suser-balsamico-essig-von-modena\/"},"modified":"2025-01-26T17:14:45","modified_gmt":"2025-01-26T17:14:45","slug":"suser-dolcebalsamico-essig-von-modena","status":"publish","type":"product","link":"https:\/\/www.contini1933.it\/de\/produkt\/suser-dolcebalsamico-essig-von-modena\/","title":{"rendered":"S\u00fc\u00dfer Dolcebalsamico-Essig von Modena"},"content":{"rendered":"<div class=\"wpb-content-wrapper\"><p>[vc_row][vc_column css=&#8220;.vc_custom_1484828983369{margin-bottom: 25px !important;}&#8220;]<div class=\"title-wrapper  basel-title-color-default basel-title-style-default basel-title-size-small text-center \"><div class=\"liner-continer\"> <span class=\"left-line\"><\/span> <h4 class=\"title\" ><strong>SCHEDA PRODOTTO<\/strong><span class=\"title-separator\"><span><\/span><\/span><\/h4> <span class=\"right-line\"><\/span> <\/div><\/div>[vc_column_text]<\/p>\n<p><strong>Name<\/strong>: Dolcebalsamico di Modena<\/p>\n<p><strong>Zutaten<\/strong>: Konzentrierter Traubenmost, Weinessig. Enth\u00e4lt Sulfite.<\/p>\n<p><strong>Produktionsort<\/strong>: Modena (Mo)<\/p>\n<p><strong>Produktionsregion<\/strong>: Emilia Romagna<\/p>\n<p><strong>Paarung<\/strong>: Perfekt f\u00fcr Caprese, Parmesan und Rucola<\/p>\n<p>[\/vc_column_text][\/vc_column][\/vc_row]<\/p>\n<\/div>","protected":false},"excerpt":{"rendered":"<p>S\u00fc\u00df-saurer Essig mit fruchtigem Aroma und dunkler Farbe.<br \/>\nEs ist eines der typisch italienischen Spitzenprodukte. Dieses Produkt hat einen guten Geschmack und einen geringen S\u00e4uregehalt. Ein wahres Meisterwerk f\u00fcr die K\u00fcche der Emilia Romagna. Sein Geschmack ist perfekt in Kombination mit Salaten, Parmesan und Rucola und Caprese.<\/p>\n","protected":false},"featured_media":2683,"template":"","meta":[],"product_brand":[],"product_cat":[115,54],"product_tag":[],"class_list":{"0":"post-2769","1":"product","2":"type-product","3":"status-publish","4":"has-post-thumbnail","6":"product_cat-balsamessige","7":"product_cat-essig","9":"first","10":"instock","11":"purchasable","12":"product-type-variable"},"jetpack_sharing_enabled":true,"_links":{"self":[{"href":"https:\/\/www.contini1933.it\/de\/wp-json\/wp\/v2\/product\/2769","targetHints":{"allow":["GET"]}}],"collection":[{"href":"https:\/\/www.contini1933.it\/de\/wp-json\/wp\/v2\/product"}],"about":[{"href":"https:\/\/www.contini1933.it\/de\/wp-json\/wp\/v2\/types\/product"}],"wp:featuredmedia":[{"embeddable":true,"href":"https:\/\/www.contini1933.it\/de\/wp-json\/wp\/v2\/media\/2683"}],"wp:attachment":[{"href":"https:\/\/www.contini1933.it\/de\/wp-json\/wp\/v2\/media?parent=2769"}],"wp:term":[{"taxonomy":"product_brand","embeddable":true,"href":"https:\/\/www.contini1933.it\/de\/wp-json\/wp\/v2\/product_brand?post=2769"},{"taxonomy":"product_cat","embeddable":true,"href":"https:\/\/www.contini1933.it\/de\/wp-json\/wp\/v2\/product_cat?post=2769"},{"taxonomy":"product_tag","embeddable":true,"href":"https:\/\/www.contini1933.it\/de\/wp-json\/wp\/v2\/product_tag?post=2769"}],"curies":[{"name":"wp","href":"https:\/\/api.w.org\/{rel}","templated":true}]}}