{"id":2770,"date":"2020-01-21T16:53:59","date_gmt":"2020-01-21T16:53:59","guid":{"rendered":"https:\/\/www.contini1933.it\/product\/sus-saurer-essig-rose-perles-contini\/"},"modified":"2020-08-10T14:28:05","modified_gmt":"2020-08-10T14:28:05","slug":"sus-saurer-essig-rose-perles-contini","status":"publish","type":"product","link":"https:\/\/www.contini1933.it\/de\/produkt\/sus-saurer-essig-rose-perles-contini\/","title":{"rendered":"S\u00fc\u00df-saurer Essig Ros\u00e9 Perle&#8217;s Contini"},"content":{"rendered":"<div class=\"wpb-content-wrapper\"><p>[vc_row][vc_column css=&#8220;.vc_custom_1484828983369{margin-bottom: 25px !important;}&#8220;]<div class=\"title-wrapper  basel-title-color-default basel-title-style-default basel-title-size-small text-center \"><div class=\"liner-continer\"> <span class=\"left-line\"><\/span> <h4 class=\"title\" ><strong>SCHEDA PRODOTTO<\/strong><span class=\"title-separator\"><span><\/span><\/span><\/h4> <span class=\"right-line\"><\/span> <\/div><\/div>[vc_column_text]<strong>Name<\/strong>: S\u00fc\u00df-saurer Essig Ros\u00e9 Perle&#8217;s Contini<\/p>\n<p><strong>Gewicht<\/strong>: 500 ml<\/p>\n<p><strong>Zutaten<\/strong>: Konzentrierter Traubenmost, Weinessig. Enth\u00e4lt Sulfite<\/p>\n<p><strong>Produktionsort<\/strong>: Modena (Mo)<\/p>\n<p><strong>Produktionsregion<\/strong>: Emilia Romagna<\/p>\n<p><strong>Paarung<\/strong>: Gem\u00fcse[\/vc_column_text][\/vc_column][\/vc_row]<\/p>\n<\/div>","protected":false},"excerpt":{"rendered":"<p>S\u00fc\u00df-saurer Essig mit rosa Farbe und fruchtigen Aromen. Mit einem frischen und fruchtigen Geschmack und einem geringen S\u00e4uregehalt kann es t\u00e4glich in der K\u00fcche verwendet werden. Geeignet f\u00fcr Gem\u00fcse mit starkem Geschmack.<\/p>\n","protected":false},"featured_media":2682,"template":"","meta":[],"product_brand":[],"product_cat":[114,54],"product_tag":[],"class_list":{"0":"post-2770","1":"product","2":"type-product","3":"status-publish","4":"has-post-thumbnail","6":"product_cat-essigspezialitaten","7":"product_cat-essig","9":"first","10":"instock","11":"purchasable","12":"product-type-simple"},"jetpack_sharing_enabled":true,"_links":{"self":[{"href":"https:\/\/www.contini1933.it\/de\/wp-json\/wp\/v2\/product\/2770","targetHints":{"allow":["GET"]}}],"collection":[{"href":"https:\/\/www.contini1933.it\/de\/wp-json\/wp\/v2\/product"}],"about":[{"href":"https:\/\/www.contini1933.it\/de\/wp-json\/wp\/v2\/types\/product"}],"wp:featuredmedia":[{"embeddable":true,"href":"https:\/\/www.contini1933.it\/de\/wp-json\/wp\/v2\/media\/2682"}],"wp:attachment":[{"href":"https:\/\/www.contini1933.it\/de\/wp-json\/wp\/v2\/media?parent=2770"}],"wp:term":[{"taxonomy":"product_brand","embeddable":true,"href":"https:\/\/www.contini1933.it\/de\/wp-json\/wp\/v2\/product_brand?post=2770"},{"taxonomy":"product_cat","embeddable":true,"href":"https:\/\/www.contini1933.it\/de\/wp-json\/wp\/v2\/product_cat?post=2770"},{"taxonomy":"product_tag","embeddable":true,"href":"https:\/\/www.contini1933.it\/de\/wp-json\/wp\/v2\/product_tag?post=2770"}],"curies":[{"name":"wp","href":"https:\/\/api.w.org\/{rel}","templated":true}]}}