{"id":3090,"date":"2020-11-05T06:55:12","date_gmt":"2020-11-05T06:55:12","guid":{"rendered":"https:\/\/www.contini1933.it\/?post_type=product&#038;p=3090"},"modified":"2020-11-16T07:54:11","modified_gmt":"2020-11-16T07:54:11","slug":"melagro-agrodolce-essig","status":"publish","type":"product","link":"https:\/\/www.contini1933.it\/de\/produkt\/melagro-agrodolce-essig\/","title":{"rendered":"Melagr\u00f2 agrodolce &#8211; Essig"},"content":{"rendered":"<div class=\"wpb-content-wrapper\"><p>[vc_row][vc_column css=&#8220;.vc_custom_1484828983369{margin-bottom: 25px !important;}&#8220;]<div class=\"title-wrapper  basel-title-color-default basel-title-style-default basel-title-size-small text-center \"><div class=\"liner-continer\"> <span class=\"left-line\"><\/span> <h4 class=\"title\" ><strong>SCHEDA PRODOTTO<\/strong><span class=\"title-separator\"><span><\/span><\/span><\/h4> <span class=\"right-line\"><\/span> <\/div><\/div>[vc_column_text]<\/p>\n<p><strong>Name<\/strong>: Melagr\u00f2 Apfelessig<\/p>\n<p><strong>Gewicht<\/strong>: 250 ml<\/p>\n<p><strong>Zutaten<\/strong>: konzentrierter Most, Weinessig, Apfelsaft (20%), nat\u00fcrliches Apfelaroma<\/p>\n<p><strong>Produktionsort<\/strong>: Modena (Italien)<\/p>\n<p><strong>Produktionsregion<\/strong>: Emilia Romagna<\/p>\n<p><strong>Paarung<\/strong>: Ausgezeichnet auf gekochtem und rohem Gem\u00fcse, auch Frischk\u00e4ase, Obstsalate und Cr\u00e8me-Eis<\/p>\n<p>[\/vc_column_text][\/vc_column][\/vc_row]<\/p>\n<\/div>","protected":false},"excerpt":{"rendered":"<p>S\u00fcss-saure W\u00fcrze auf der Grundlage von Apfelmost. Strukturierter Geschmack, aber gleichzeitig zart. Ausgezeichnet auf gekochtem und rohem Gem\u00fcse, auch Frischk\u00e4ase, Obstsalate und Cr\u00e8me-Eis.<\/p>\n","protected":false},"featured_media":3092,"template":"","meta":[],"product_brand":[],"product_cat":[114,54],"product_tag":[],"class_list":{"0":"post-3090","1":"product","2":"type-product","3":"status-publish","4":"has-post-thumbnail","6":"product_cat-essigspezialitaten","7":"product_cat-essig","9":"first","10":"instock","11":"purchasable","12":"product-type-simple"},"jetpack_sharing_enabled":true,"_links":{"self":[{"href":"https:\/\/www.contini1933.it\/de\/wp-json\/wp\/v2\/product\/3090","targetHints":{"allow":["GET"]}}],"collection":[{"href":"https:\/\/www.contini1933.it\/de\/wp-json\/wp\/v2\/product"}],"about":[{"href":"https:\/\/www.contini1933.it\/de\/wp-json\/wp\/v2\/types\/product"}],"wp:featuredmedia":[{"embeddable":true,"href":"https:\/\/www.contini1933.it\/de\/wp-json\/wp\/v2\/media\/3092"}],"wp:attachment":[{"href":"https:\/\/www.contini1933.it\/de\/wp-json\/wp\/v2\/media?parent=3090"}],"wp:term":[{"taxonomy":"product_brand","embeddable":true,"href":"https:\/\/www.contini1933.it\/de\/wp-json\/wp\/v2\/product_brand?post=3090"},{"taxonomy":"product_cat","embeddable":true,"href":"https:\/\/www.contini1933.it\/de\/wp-json\/wp\/v2\/product_cat?post=3090"},{"taxonomy":"product_tag","embeddable":true,"href":"https:\/\/www.contini1933.it\/de\/wp-json\/wp\/v2\/product_tag?post=3090"}],"curies":[{"name":"wp","href":"https:\/\/api.w.org\/{rel}","templated":true}]}}