{"id":3127,"date":"2020-11-09T07:28:33","date_gmt":"2020-11-09T07:28:33","guid":{"rendered":"https:\/\/www.contini1933.it\/?post_type=product&#038;p=3127"},"modified":"2020-11-16T07:54:08","modified_gmt":"2020-11-16T07:54:08","slug":"aceto-balsamico-di-modena-igp-tasto","status":"publish","type":"product","link":"https:\/\/www.contini1933.it\/de\/produkt\/aceto-balsamico-di-modena-igp-tasto\/","title":{"rendered":"Aceto balsamico di Modena IGP Tasto &#8211; Essig"},"content":{"rendered":"<div class=\"wpb-content-wrapper\"><p>[vc_row][vc_column css=&#8220;.vc_custom_1484828983369{margin-bottom: 25px !important;}&#8220;]<div class=\"title-wrapper  basel-title-color-default basel-title-style-default basel-title-size-small text-center \"><div class=\"liner-continer\"> <span class=\"left-line\"><\/span> <h4 class=\"title\" ><strong>SCHEDA PRODOTTO<\/strong><span class=\"title-separator\"><span><\/span><\/span><\/h4> <span class=\"right-line\"><\/span> <\/div><\/div>[vc_column_text]<\/p>\n<p><strong>Name<\/strong>: Balsamico-Essig von Modena IGP Tasto<\/p>\n<p><strong>Gewicht<\/strong>: 250 ml<\/p>\n<p><strong>Zutaten<\/strong>: Traubenmost, Weinessig<\/p>\n<p><strong>Produktionsort<\/strong>: Modena (Mo)<\/p>\n<p><strong>Produktionsregion<\/strong>: Emilia Romagna<\/p>\n<p><strong>Paarung<\/strong>: \u00a0Ideal f\u00fcr Salat und Pinzimonio, f\u00fcr Saucen mit Balsamico-Essig, f\u00fcr Schnitzel und Rinderfilet<\/p>\n<p>[\/vc_column_text][\/vc_column][\/vc_row]<\/p>\n<\/div>","protected":false},"excerpt":{"rendered":"<p>Essig von Modena IGP Taste, hat eine dunkle Farbe, Holzduft und eine angenehme S\u00e4ure. Ausgeglichenen Geschmack und ausgepr\u00e4gte S\u00e4ure. Reift 60 Tage bis 3 Jahre.<\/p>\n","protected":false},"featured_media":3129,"template":"","meta":[],"product_brand":[],"product_cat":[115,54],"product_tag":[],"class_list":{"0":"post-3127","1":"product","2":"type-product","3":"status-publish","4":"has-post-thumbnail","6":"product_cat-balsamessige","7":"product_cat-essig","9":"first","10":"instock","11":"purchasable","12":"product-type-simple"},"jetpack_sharing_enabled":true,"_links":{"self":[{"href":"https:\/\/www.contini1933.it\/de\/wp-json\/wp\/v2\/product\/3127","targetHints":{"allow":["GET"]}}],"collection":[{"href":"https:\/\/www.contini1933.it\/de\/wp-json\/wp\/v2\/product"}],"about":[{"href":"https:\/\/www.contini1933.it\/de\/wp-json\/wp\/v2\/types\/product"}],"wp:featuredmedia":[{"embeddable":true,"href":"https:\/\/www.contini1933.it\/de\/wp-json\/wp\/v2\/media\/3129"}],"wp:attachment":[{"href":"https:\/\/www.contini1933.it\/de\/wp-json\/wp\/v2\/media?parent=3127"}],"wp:term":[{"taxonomy":"product_brand","embeddable":true,"href":"https:\/\/www.contini1933.it\/de\/wp-json\/wp\/v2\/product_brand?post=3127"},{"taxonomy":"product_cat","embeddable":true,"href":"https:\/\/www.contini1933.it\/de\/wp-json\/wp\/v2\/product_cat?post=3127"},{"taxonomy":"product_tag","embeddable":true,"href":"https:\/\/www.contini1933.it\/de\/wp-json\/wp\/v2\/product_tag?post=3127"}],"curies":[{"name":"wp","href":"https:\/\/api.w.org\/{rel}","templated":true}]}}