{"id":3131,"date":"2020-11-09T08:28:51","date_gmt":"2020-11-09T08:28:51","guid":{"rendered":"https:\/\/www.contini1933.it\/?post_type=product&#038;p=3131"},"modified":"2021-02-19T19:17:27","modified_gmt":"2021-02-19T19:17:27","slug":"sus-saurer-essig-von-modena-gereifter-tondo","status":"publish","type":"product","link":"https:\/\/www.contini1933.it\/de\/produkt\/sus-saurer-essig-von-modena-gereifter-tondo\/","title":{"rendered":"S\u00fc\u00df-saurer Essig von Modena gereifter Tondo"},"content":{"rendered":"<div class=\"wpb-content-wrapper\"><p>[vc_row][vc_column css=&#8220;.vc_custom_1484828983369{margin-bottom: 25px !important;}&#8220;]<div class=\"title-wrapper  basel-title-color-default basel-title-style-default basel-title-size-small text-center \"><div class=\"liner-continer\"> <span class=\"left-line\"><\/span> <h4 class=\"title\" ><strong>SCHEDA PRODOTTO<\/strong><span class=\"title-separator\"><span><\/span><\/span><\/h4> <span class=\"right-line\"><\/span> <\/div><\/div>[vc_column_text]<strong>Name<\/strong>: S\u00fc\u00df-saurer Essig von Modena gereifter Tondo<\/p>\n<p><strong>Zutaten<\/strong>:\u00a0Traubenmost, Weinessig<\/p>\n<p><strong>Luogo di produzione<\/strong>: Modena (Mo)<\/p>\n<p><strong>Regione di produzione<\/strong>: Emilia Romagna<\/p>\n<p><strong>Abbinamento<\/strong>: Ausgezeichnet zu gegrilltem Fleisch, ged\u00fcnstetem Fisch und Gem\u00fcse, zum Dessert auf Birnen und Erdbeeren und in Creme-Eis[\/vc_column_text][\/vc_column][\/vc_row]<\/p>\n<\/div>","protected":false},"excerpt":{"rendered":"<p>Der S\u00fc\u00df-saurer Essig aus Modena reift drei Jahre lang in F\u00e4ssern, hat eine dunkle Farbe, einen durchdringenden Duft und eine angenehme S\u00e4ure. Perfekt f\u00fcr Liebhaber von dichtem Essig. \u00a0<strong>Gluten free.<\/strong><\/p>\n","protected":false},"featured_media":3133,"template":"","meta":[],"product_brand":[],"product_cat":[114,54],"product_tag":[],"class_list":{"0":"post-3131","1":"product","2":"type-product","3":"status-publish","4":"has-post-thumbnail","6":"product_cat-essigspezialitaten","7":"product_cat-essig","9":"first","10":"instock","11":"purchasable","12":"product-type-variable"},"jetpack_sharing_enabled":true,"_links":{"self":[{"href":"https:\/\/www.contini1933.it\/de\/wp-json\/wp\/v2\/product\/3131","targetHints":{"allow":["GET"]}}],"collection":[{"href":"https:\/\/www.contini1933.it\/de\/wp-json\/wp\/v2\/product"}],"about":[{"href":"https:\/\/www.contini1933.it\/de\/wp-json\/wp\/v2\/types\/product"}],"wp:featuredmedia":[{"embeddable":true,"href":"https:\/\/www.contini1933.it\/de\/wp-json\/wp\/v2\/media\/3133"}],"wp:attachment":[{"href":"https:\/\/www.contini1933.it\/de\/wp-json\/wp\/v2\/media?parent=3131"}],"wp:term":[{"taxonomy":"product_brand","embeddable":true,"href":"https:\/\/www.contini1933.it\/de\/wp-json\/wp\/v2\/product_brand?post=3131"},{"taxonomy":"product_cat","embeddable":true,"href":"https:\/\/www.contini1933.it\/de\/wp-json\/wp\/v2\/product_cat?post=3131"},{"taxonomy":"product_tag","embeddable":true,"href":"https:\/\/www.contini1933.it\/de\/wp-json\/wp\/v2\/product_tag?post=3131"}],"curies":[{"name":"wp","href":"https:\/\/api.w.org\/{rel}","templated":true}]}}