{"id":5156,"date":"2025-01-26T17:05:06","date_gmt":"2025-01-26T17:05:06","guid":{"rendered":"https:\/\/www.contini1933.it\/?post_type=product&#038;p=5156"},"modified":"2025-01-26T17:26:11","modified_gmt":"2025-01-26T17:26:11","slug":"suess-saurer-apfel-biologisch-lafranci","status":"publish","type":"product","link":"https:\/\/www.contini1933.it\/de\/produkt\/suess-saurer-apfel-biologisch-lafranci\/","title":{"rendered":"Condimento Agrodolce Di Mela Biologico LaFranci"},"content":{"rendered":"<div class=\"wpb-content-wrapper\"><p>[vc_row][vc_column css=&#8220;.vc_custom_1484828983369{margin-bottom: 25px !important;}&#8220;]<div class=\"title-wrapper  basel-title-color-default basel-title-style-default basel-title-size-small text-center \"><div class=\"liner-continer\"> <span class=\"left-line\"><\/span> <h4 class=\"title\" ><strong>SCHEDA PRODOTTO<\/strong><span class=\"title-separator\"><span><\/span><\/span><\/h4> <span class=\"right-line\"><\/span> <\/div><\/div>[vc_column_text css=&#8220;&#8220;]<strong>Name<\/strong>: Dressing S\u00fc\u00df-saurer Apfel LaFranci<\/p>\n<p><strong>Gewicht<\/strong>: 500 ml<\/p>\n<p><strong>Zutaten<\/strong>: Konzentrierter Traubenmost, wei\u00df Weinessig, Apfel. <strong>Sulfite Enthalten. <\/strong><\/p>\n<p><strong>Produktionsort<\/strong>:\u00a0Rio Saliceto (RE)<\/p>\n<p><strong>Produktionsregion<\/strong>: Emilia Romagna (Italia)[\/vc_column_text][\/vc_column][\/vc_row]<\/p>\n<\/div>","protected":false},"excerpt":{"rendered":"<p>[vc_row][vc_column css=&#8220;.vc_custom_1484828983369{margin-bottom: 25px !important;}&#8220;][vc_column_text css=&#8220;&#8220;]Name: Dressing S\u00fc\u00df-saurer Apfel LaFranci Gewicht: 500 ml Zutaten: Konzentrierter Traubenmost, wei\u00df Weinessig, Apfel. Sulfite Enthalten.<\/p>\n","protected":false},"featured_media":5095,"template":"","meta":[],"product_brand":[],"product_cat":[114,115,54],"product_tag":[],"class_list":{"0":"post-5156","1":"product","2":"type-product","3":"status-publish","4":"has-post-thumbnail","6":"product_cat-essigspezialitaten","7":"product_cat-balsamessige","8":"product_cat-essig","10":"first","11":"instock","12":"purchasable","13":"product-type-simple"},"jetpack_sharing_enabled":true,"_links":{"self":[{"href":"https:\/\/www.contini1933.it\/de\/wp-json\/wp\/v2\/product\/5156","targetHints":{"allow":["GET"]}}],"collection":[{"href":"https:\/\/www.contini1933.it\/de\/wp-json\/wp\/v2\/product"}],"about":[{"href":"https:\/\/www.contini1933.it\/de\/wp-json\/wp\/v2\/types\/product"}],"wp:featuredmedia":[{"embeddable":true,"href":"https:\/\/www.contini1933.it\/de\/wp-json\/wp\/v2\/media\/5095"}],"wp:attachment":[{"href":"https:\/\/www.contini1933.it\/de\/wp-json\/wp\/v2\/media?parent=5156"}],"wp:term":[{"taxonomy":"product_brand","embeddable":true,"href":"https:\/\/www.contini1933.it\/de\/wp-json\/wp\/v2\/product_brand?post=5156"},{"taxonomy":"product_cat","embeddable":true,"href":"https:\/\/www.contini1933.it\/de\/wp-json\/wp\/v2\/product_cat?post=5156"},{"taxonomy":"product_tag","embeddable":true,"href":"https:\/\/www.contini1933.it\/de\/wp-json\/wp\/v2\/product_tag?post=5156"}],"curies":[{"name":"wp","href":"https:\/\/api.w.org\/{rel}","templated":true}]}}